{"id":40,"date":"2016-10-10T18:29:41","date_gmt":"2016-10-10T16:29:41","guid":{"rendered":"http:\/\/localhost\/?page_id=40"},"modified":"2020-11-22T15:01:22","modified_gmt":"2020-11-22T14:01:22","slug":"wohnen-bauen","status":"publish","type":"page","link":"https:\/\/www.og-bruchertseifen.de\/?page_id=40","title":{"rendered":"Wohnen &#038; Bauen"},"content":{"rendered":"<p>Eines ist klar und bestimmt keine Sage vom Eselsberg :<\/p>\n<p>In Bruchertseifen lebt es sich gut!<\/p>\n<p>Um Ihnen hiervon einen ersten Eindruck zu geben, laden wir Sie nicht nur ein, durch unser Internetangebot zu st\u00f6bern, sondern empfehlen Ihnen sich unsere Gemeinde z.B. bei einem Sparziergang oder einer Wanderung n\u00e4her anzusehen.<\/p>\n<p>Ebenso k\u00f6nnen Sie uns mit dem Fahrrad besuchen. http:\/\/www.westerwald-radtouren.de<\/p>\n<p>Die Sch\u00f6nheit und Lebensqualit\u00e4t unserer Heimat wird Ihnen sofort begegnen.<\/p>\n<p>Sollten Sie Interesse haben, sich bei uns niederzulassen und heimisch zu werden, sprechen Sie mich einfach an, ich werde gerne versuchen, Ihnen weiterzuhelfen.<\/p>\n<p>Damit Ihr erster Eindruck nun noch bildlicher wird, genie\u00dfen Sie in Ruhe die folgenden Impressionen, schon bald k\u00f6nnten Sie ebenso sch\u00f6n wohnen oder Ihren Traum vom Haus im Gr\u00fcnen verwirklichen.<\/p>\n<p>Herzlichst Ihr<br \/>\nAxel Mast<\/p>\n","protected":false},"excerpt":{"rendered":"<p>Eines ist klar und bestimmt keine Sage vom Eselsberg : In Bruchertseifen lebt es sich gut! Um Ihnen hiervon einen ersten Eindruck zu geben, laden wir Sie nicht nur ein, durch unser Internetangebot zu st\u00f6bern, sondern empfehlen Ihnen sich unsere Gemeinde z.B. bei einem Sparziergang oder einer Wanderung n\u00e4her anzusehen. [&hellip;]<\/p>\n","protected":false},"author":1,"featured_media":0,"parent":42,"menu_order":3,"comment_status":"closed","ping_status":"closed","template":"","meta":[],"yoast_head":"<!-- This site is optimized with the Yoast SEO plugin v16.4 - https:\/\/yoast.com\/wordpress\/plugins\/seo\/ -->\n<title>Wohnen &amp; Bauen &ndash; Ortsgemeinde Bruchertseifen<\/title>\n<meta name=\"robots\" content=\"index, follow, max-snippet:-1, max-image-preview:large, max-video-preview:-1\" \/>\n<link rel=\"canonical\" href=\"https:\/\/www.og-bruchertseifen.de\/?page_id=40\" \/>\n<meta property=\"og:locale\" content=\"de_DE\" \/>\n<meta property=\"og:type\" content=\"article\" \/>\n<meta property=\"og:title\" content=\"Wohnen &amp; Bauen &ndash; Ortsgemeinde Bruchertseifen\" \/>\n<meta property=\"og:description\" content=\"Eines ist klar und bestimmt keine Sage vom Eselsberg : In Bruchertseifen lebt es sich gut! Um Ihnen hiervon einen ersten Eindruck zu geben, laden wir Sie nicht nur ein, durch unser Internetangebot zu st\u00f6bern, sondern empfehlen Ihnen sich unsere Gemeinde z.B. bei einem Sparziergang oder einer Wanderung n\u00e4her anzusehen. [&hellip;]\" \/>\n<meta property=\"og:url\" content=\"https:\/\/www.og-bruchertseifen.de\/?page_id=40\" \/>\n<meta property=\"og:site_name\" content=\"Ortsgemeinde Bruchertseifen\" \/>\n<meta property=\"article:modified_time\" content=\"2020-11-22T14:01:22+00:00\" \/>\n<meta name=\"twitter:card\" content=\"summary_large_image\" \/>\n<meta name=\"twitter:label1\" content=\"Gesch\u00e4tzte Lesezeit\" \/>\n\t<meta name=\"twitter:data1\" content=\"1 Minute\" \/>\n<script type=\"application\/ld+json\" class=\"yoast-schema-graph\">{\"@context\":\"https:\/\/schema.org\",\"@graph\":[{\"@type\":\"Organization\",\"@id\":\"https:\/\/www.og-bruchertseifen.de\/#organization\",\"name\":\"Ortsgemeinde Bruchertsifen\",\"url\":\"https:\/\/www.og-bruchertseifen.de\/\",\"sameAs\":[\"https:\/\/de.wikipedia.org\/wiki\/Bruchertseifen\"],\"logo\":{\"@type\":\"ImageObject\",\"@id\":\"https:\/\/www.og-bruchertseifen.de\/#logo\",\"inLanguage\":\"de-DE\",\"url\":\"https:\/\/www.og-bruchertseifen.de\/wp-content\/uploads\/2016\/10\/cropped-wappen_bruchertseifen-1.jpg\",\"contentUrl\":\"https:\/\/www.og-bruchertseifen.de\/wp-content\/uploads\/2016\/10\/cropped-wappen_bruchertseifen-1.jpg\",\"width\":400,\"height\":471,\"caption\":\"Ortsgemeinde Bruchertsifen\"},\"image\":{\"@id\":\"https:\/\/www.og-bruchertseifen.de\/#logo\"}},{\"@type\":\"WebSite\",\"@id\":\"https:\/\/www.og-bruchertseifen.de\/#website\",\"url\":\"https:\/\/www.og-bruchertseifen.de\/\",\"name\":\"Ortsgemeinde Bruchertseifen\",\"description\":\"Kreis Altenkirchen\",\"publisher\":{\"@id\":\"https:\/\/www.og-bruchertseifen.de\/#organization\"},\"potentialAction\":[{\"@type\":\"SearchAction\",\"target\":\"https:\/\/www.og-bruchertseifen.de\/?s={search_term_string}\",\"query-input\":\"required name=search_term_string\"}],\"inLanguage\":\"de-DE\"},{\"@type\":\"WebPage\",\"@id\":\"https:\/\/www.og-bruchertseifen.de\/?page_id=40#webpage\",\"url\":\"https:\/\/www.og-bruchertseifen.de\/?page_id=40\",\"name\":\"Wohnen & Bauen &ndash; Ortsgemeinde Bruchertseifen\",\"isPartOf\":{\"@id\":\"https:\/\/www.og-bruchertseifen.de\/#website\"},\"datePublished\":\"2016-10-10T16:29:41+00:00\",\"dateModified\":\"2020-11-22T14:01:22+00:00\",\"breadcrumb\":{\"@id\":\"https:\/\/www.og-bruchertseifen.de\/?page_id=40#breadcrumb\"},\"inLanguage\":\"de-DE\",\"potentialAction\":[{\"@type\":\"ReadAction\",\"target\":[\"https:\/\/www.og-bruchertseifen.de\/?page_id=40\"]}]},{\"@type\":\"BreadcrumbList\",\"@id\":\"https:\/\/www.og-bruchertseifen.de\/?page_id=40#breadcrumb\",\"itemListElement\":[{\"@type\":\"ListItem\",\"position\":1,\"item\":{\"@type\":\"WebPage\",\"@id\":\"https:\/\/www.og-bruchertseifen.de\/\",\"url\":\"https:\/\/www.og-bruchertseifen.de\/\",\"name\":\"Startseite\"}},{\"@type\":\"ListItem\",\"position\":2,\"item\":{\"@type\":\"WebPage\",\"@id\":\"https:\/\/www.og-bruchertseifen.de\/?page_id=42\",\"url\":\"https:\/\/www.og-bruchertseifen.de\/?page_id=42\",\"name\":\"Home\"}},{\"@type\":\"ListItem\",\"position\":3,\"item\":{\"@id\":\"https:\/\/www.og-bruchertseifen.de\/?page_id=40#webpage\"}}]}]}<\/script>\n<!-- \/ Yoast SEO plugin. -->","_links":{"self":[{"href":"https:\/\/www.og-bruchertseifen.de\/index.php?rest_route=\/wp\/v2\/pages\/40"}],"collection":[{"href":"https:\/\/www.og-bruchertseifen.de\/index.php?rest_route=\/wp\/v2\/pages"}],"about":[{"href":"https:\/\/www.og-bruchertseifen.de\/index.php?rest_route=\/wp\/v2\/types\/page"}],"author":[{"embeddable":true,"href":"https:\/\/www.og-bruchertseifen.de\/index.php?rest_route=\/wp\/v2\/users\/1"}],"replies":[{"embeddable":true,"href":"https:\/\/www.og-bruchertseifen.de\/index.php?rest_route=%2Fwp%2Fv2%2Fcomments&post=40"}],"version-history":[{"count":2,"href":"https:\/\/www.og-bruchertseifen.de\/index.php?rest_route=\/wp\/v2\/pages\/40\/revisions"}],"predecessor-version":[{"id":283,"href":"https:\/\/www.og-bruchertseifen.de\/index.php?rest_route=\/wp\/v2\/pages\/40\/revisions\/283"}],"up":[{"embeddable":true,"href":"https:\/\/www.og-bruchertseifen.de\/index.php?rest_route=\/wp\/v2\/pages\/42"}],"wp:attachment":[{"href":"https:\/\/www.og-bruchertseifen.de\/index.php?rest_route=%2Fwp%2Fv2%2Fmedia&parent=40"}],"curies":[{"name":"wp","href":"https:\/\/api.w.org\/{rel}","templated":true}]}}