{"id":459,"date":"2022-11-14T11:23:51","date_gmt":"2022-11-14T10:23:51","guid":{"rendered":"https:\/\/www.og-bruchertseifen.de\/?page_id=459"},"modified":"2022-11-14T11:23:52","modified_gmt":"2022-11-14T10:23:52","slug":"buergerbrief-nov-2022","status":"publish","type":"page","link":"https:\/\/www.og-bruchertseifen.de\/?page_id=459","title":{"rendered":"B\u00fcrgerbrief Nov. 2022"},"content":{"rendered":"<p>Liebe B\u00fcrgerinnen und B\u00fcrger,<\/p>\n<p>ich m\u00f6chte Ihnen heute einen kleinen R\u00fcckblick und einen Ausblick auf die zurzeit in unserer Gemeinde stattfindenden Ver\u00e4nderungen geben. Wenn auch der ein oder andere denken mag, dass ich bzw. der Gemeinderat unt\u00e4tig sind, so sind doch sehr viele Dinge in der Entstehung, von denen nur wenige bekannt sind und Beachtung finden.<\/p>\n<p>Die zurzeit auff\u00e4lligste und pr\u00e4senteste Ma\u00dfnahme in unserer Gemeinde ist der geplante <strong>Ausbau des Breitbandnetzes<\/strong> durch die Deutsche Glasfaser. Diese bereits in der Vermarktung befindliche Ma\u00dfnahme wird in der Gemeinde unterschiedlich bewertet. Wenn man sich die Entwicklung in Deutschland anschaut, dann hatte im Juni 2022 jeder 4. deutsche Haushalt einen Glasfaseranschluss. Die Nachfrage steigt rasant, und diese Technologie wird in einigen Jahren Standard in Deutschland sein.<\/p>\n<p>Auf unsere Gemeinde bzw. vorerst auf den Ort Bruchertseifen bezogen, bedeutet das Folgendes: Die Einwohner bekommen das Angebot eines kostenlosen Glasfaseranschlusses in ihre Wohnung und verpflichten sich im Gegenzug zur relativ kurzen Nutzung einer Vertragsbindung an die Deutsche Glasfaser.<\/p>\n<p>Wir haben auf unserer Homepage die detaillierten Ausf\u00fchrungen eines Nutzers, der in verst\u00e4ndlichen Worten den Prozess erl\u00e4utert und auch die Kosten verst\u00e4ndlich darlegt!<\/p>\n<p>Die Chance die sich hier bietet, bringt uns als Gemeinde erheblich weiter! Wir sind, sofern die n\u00f6tigen Anschlusszahlen erreicht werden, zumindest bei der Digitalisierung vorne dabei. Das ist nicht nur f\u00fcr unsere Gewerbetreibenden wichtig, sondern auch f\u00fcr alle anderen B\u00fcrger, da dies in einigen Jahren Standard sein wird.<\/p>\n<p>Ich stand mit der Deutschen Glasfaser wegen eines Informationsabends im Sportheim in Bruchertseifen seit L\u00e4ngerem in Verbindung und habe nun auch einen Termin erhalten: Die <strong>Informationsveranstaltung<\/strong> findet am Donnerstag, <strong>17.11.2022, 19 Uhr<\/strong>, im Sportheim statt. Der Stand der Vertragsabschl\u00fcsse liegt derzeit erst bei 24 %.<\/p>\n<p>Wir haben im Jahr 2020 in der Gemeinde eine Unterschriftensammlung f\u00fcr den Bau einer <strong>Kindertagesst\u00e4tte<\/strong> in Bruchertseifen gestartet. Das Ergebnis mit \u00fcber 400 Unterschriften liegt der Verbandsgemeinde Hamm vor. Tr\u00e4ger dieser Einrichtungen ist die VG Hamm, und die Entscheidung, wann und wo eine solche Einrichtung entsteht, trifft aus diesem Grund die VG in Absprache mit dem Landkreis und \u00fcbergeordneten Beh\u00f6rden und nicht die Ortsgemeinde. Die Entscheidung und die Bedarfsfrage sind vertagt und immer noch offen.<\/p>\n<p>Der Wunsch und das Bem\u00fchen um eine Kindertagesst\u00e4tte in Bruchertseifen wird weiterhin von uns vorgetragen.<\/p>\n<p>Seit Mitte des Jahres 2020 steht fest, dass Bruchertseifen zur Verbesserung der Empfangsm\u00f6glichkeiten des Handynetzes einen <strong>Funkturm<\/strong> auf dem gemeindeeigenen Gel\u00e4nde am Sportplatz erh\u00e4lt. Diese bereits f\u00fcr Mitte 2022 geplante Bauma\u00dfnahme befindet sich zurzeit in der Genehmigungsphase. Nach Aussage der Deutschen Telekom soll der Baubeginn aber noch in diesem Jahr stattfinden.<\/p>\n<p>Die im Jahr 2018 durch die Verbandsgemeinde Hamm beantragte <strong>\u00c4nderung des Fl\u00e4chennutzungsplans<\/strong> ist leider von der Kreisverwaltung Altenkirchen immer noch nicht abschlie\u00dfend bearbeitet. Das bedeutet f\u00fcr die Ortsgemeinde weiterhin erhebliche Einschr\u00e4nkungen in ihrer Planung zu Baugebieten und auch Unsicherheiten bei bereits bestehenden \u00fcberbauten Fl\u00e4chen. Es zeichnet sich aber ab, dass die Kreisverwaltung hierzu in absehbarer Zeit Stellung nehmen wird.<\/p>\n<p>Die lange in der Vergangenheit geplante Anbindung der <strong>Kreisstra\u00dfe 42<\/strong> (Haderschen) soll in absehbarer Zeit umgesetzt werden. Hierbei hat die Ortsgemeinde nur zum Teil Einfluss auf die Entwicklung, da diese Ma\u00dfnahme durch den Bund und den Kreis getragen wird. Im Zusammenhang mit dieser Ma\u00dfnahme werden auch die beiden Bushaltestellen in der Neuschlade neu geplant und gebaut. Hierzu finden gerade intensive Gespr\u00e4che mit dem Landesbetrieb Mobilit\u00e4t in Diez statt.<\/p>\n<p>Vor einigen Wochen wurde bei einem Gespr\u00e4ch mit dem Dienstleistungszentrum L\u00e4ndlicher Raum (DLR) Westerwald-Osteifel vereinbart, die geplante <strong>Flurbereinigung<\/strong> der Gemeinde Bruchertseifen mit dem Anordnungsbeschluss noch in diesem Jahr einzuleiten. Die Wahl eines Vorstandes soll dann in den ersten Monaten des neuen Jahres folgen. Damit sind die ersten Schritte erfolgt, und das DLR wird nach M\u00f6glichkeit bei vorhandenem Personal die Bearbeitung zur gegebener Zeit beginnen.<\/p>\n<p>Am Wochenende vom 14.\/15. Oktober wurde bei einem Arbeitseinsatz des Gemeinderates und freiwilliger Helfer der Weg vom Friedhof Bruchertseifen nach Haderschen wieder begehbar gemacht. Der Weg konnte seit dem Sturm im Jahr 2018 nicht mehr benutzt werden und war komplett zugewachsen.<\/p>\n<p>Noch in diesem Monat soll auch der Ausbau des Wander- und Friedhofsparkplatzes erfolgen.<\/p>\n<p>In der n\u00e4chsten Ortsgemeinderatssitzung wird Sebastian Schmalzbauer als 2. Beigeordneter verabschiedet, da er nach Hamm umgezogen ist und somit nicht mehr in der Ortsgemeinde wohnt. Gleichzeitig r\u00fcckt Herr Wolfgang Kr\u00e4mer als Ratsmitglied in den Ortsgemeinderat nach. In dieser Sitzung wird auch ein\/e neue\/r 2. Beigeordnete\/r gew\u00e4hlt werden.<\/p>\n<p>Gerne stehen der Ortsgemeinderat und meine Person aber auch f\u00fcr Fragen aus den Reihen der B\u00fcrgerinnen und B\u00fcrger jederzeit zur Verf\u00fcgung! Auch Anregungen und Ideen f\u00fcr die Zukunft und die Gestaltung der Gemeinde sind sehr willkommen und werden gerne auch von uns aufgenommen.<\/p>\n<p>&nbsp;<\/p>\n<p>Bleiben Sie gesund!<\/p>\n<p>Axel Mast, Ortsb\u00fcrgermeister<\/p>\n","protected":false},"excerpt":{"rendered":"<p>Liebe B\u00fcrgerinnen und B\u00fcrger, ich m\u00f6chte Ihnen heute einen kleinen R\u00fcckblick und einen Ausblick auf die zurzeit in unserer Gemeinde stattfindenden Ver\u00e4nderungen geben. Wenn auch der ein oder andere denken mag, dass ich bzw. der Gemeinderat unt\u00e4tig sind, so sind doch sehr viele Dinge in der Entstehung, von denen nur [&hellip;]<\/p>\n","protected":false},"author":3,"featured_media":0,"parent":0,"menu_order":0,"comment_status":"closed","ping_status":"closed","template":"","meta":[],"yoast_head":"<!-- This site is optimized with the Yoast SEO plugin v16.4 - https:\/\/yoast.com\/wordpress\/plugins\/seo\/ -->\n<title>B\u00fcrgerbrief Nov. 2022 &ndash; Ortsgemeinde Bruchertseifen<\/title>\n<meta name=\"robots\" content=\"index, follow, max-snippet:-1, max-image-preview:large, max-video-preview:-1\" \/>\n<link rel=\"canonical\" href=\"https:\/\/www.og-bruchertseifen.de\/?page_id=459\" \/>\n<meta property=\"og:locale\" content=\"de_DE\" \/>\n<meta property=\"og:type\" content=\"article\" \/>\n<meta property=\"og:title\" content=\"B\u00fcrgerbrief Nov. 2022 &ndash; Ortsgemeinde Bruchertseifen\" \/>\n<meta property=\"og:description\" content=\"Liebe B\u00fcrgerinnen und B\u00fcrger, ich m\u00f6chte Ihnen heute einen kleinen R\u00fcckblick und einen Ausblick auf die zurzeit in unserer Gemeinde stattfindenden Ver\u00e4nderungen geben. Wenn auch der ein oder andere denken mag, dass ich bzw. der Gemeinderat unt\u00e4tig sind, so sind doch sehr viele Dinge in der Entstehung, von denen nur [&hellip;]\" \/>\n<meta property=\"og:url\" content=\"https:\/\/www.og-bruchertseifen.de\/?page_id=459\" \/>\n<meta property=\"og:site_name\" content=\"Ortsgemeinde Bruchertseifen\" \/>\n<meta property=\"article:modified_time\" content=\"2022-11-14T10:23:52+00:00\" \/>\n<meta name=\"twitter:card\" content=\"summary_large_image\" \/>\n<meta name=\"twitter:label1\" content=\"Gesch\u00e4tzte Lesezeit\" \/>\n\t<meta name=\"twitter:data1\" content=\"4 Minuten\" \/>\n<script type=\"application\/ld+json\" class=\"yoast-schema-graph\">{\"@context\":\"https:\/\/schema.org\",\"@graph\":[{\"@type\":\"Organization\",\"@id\":\"https:\/\/www.og-bruchertseifen.de\/#organization\",\"name\":\"Ortsgemeinde Bruchertsifen\",\"url\":\"https:\/\/www.og-bruchertseifen.de\/\",\"sameAs\":[\"https:\/\/de.wikipedia.org\/wiki\/Bruchertseifen\"],\"logo\":{\"@type\":\"ImageObject\",\"@id\":\"https:\/\/www.og-bruchertseifen.de\/#logo\",\"inLanguage\":\"de-DE\",\"url\":\"https:\/\/www.og-bruchertseifen.de\/wp-content\/uploads\/2016\/10\/cropped-wappen_bruchertseifen-1.jpg\",\"contentUrl\":\"https:\/\/www.og-bruchertseifen.de\/wp-content\/uploads\/2016\/10\/cropped-wappen_bruchertseifen-1.jpg\",\"width\":400,\"height\":471,\"caption\":\"Ortsgemeinde Bruchertsifen\"},\"image\":{\"@id\":\"https:\/\/www.og-bruchertseifen.de\/#logo\"}},{\"@type\":\"WebSite\",\"@id\":\"https:\/\/www.og-bruchertseifen.de\/#website\",\"url\":\"https:\/\/www.og-bruchertseifen.de\/\",\"name\":\"Ortsgemeinde Bruchertseifen\",\"description\":\"Kreis Altenkirchen\",\"publisher\":{\"@id\":\"https:\/\/www.og-bruchertseifen.de\/#organization\"},\"potentialAction\":[{\"@type\":\"SearchAction\",\"target\":\"https:\/\/www.og-bruchertseifen.de\/?s={search_term_string}\",\"query-input\":\"required name=search_term_string\"}],\"inLanguage\":\"de-DE\"},{\"@type\":\"WebPage\",\"@id\":\"https:\/\/www.og-bruchertseifen.de\/?page_id=459#webpage\",\"url\":\"https:\/\/www.og-bruchertseifen.de\/?page_id=459\",\"name\":\"B\\u00fcrgerbrief Nov. 2022 &ndash; Ortsgemeinde Bruchertseifen\",\"isPartOf\":{\"@id\":\"https:\/\/www.og-bruchertseifen.de\/#website\"},\"datePublished\":\"2022-11-14T10:23:51+00:00\",\"dateModified\":\"2022-11-14T10:23:52+00:00\",\"breadcrumb\":{\"@id\":\"https:\/\/www.og-bruchertseifen.de\/?page_id=459#breadcrumb\"},\"inLanguage\":\"de-DE\",\"potentialAction\":[{\"@type\":\"ReadAction\",\"target\":[\"https:\/\/www.og-bruchertseifen.de\/?page_id=459\"]}]},{\"@type\":\"BreadcrumbList\",\"@id\":\"https:\/\/www.og-bruchertseifen.de\/?page_id=459#breadcrumb\",\"itemListElement\":[{\"@type\":\"ListItem\",\"position\":1,\"item\":{\"@type\":\"WebPage\",\"@id\":\"https:\/\/www.og-bruchertseifen.de\/\",\"url\":\"https:\/\/www.og-bruchertseifen.de\/\",\"name\":\"Startseite\"}},{\"@type\":\"ListItem\",\"position\":2,\"item\":{\"@id\":\"https:\/\/www.og-bruchertseifen.de\/?page_id=459#webpage\"}}]}]}<\/script>\n<!-- \/ Yoast SEO plugin. -->","_links":{"self":[{"href":"https:\/\/www.og-bruchertseifen.de\/index.php?rest_route=\/wp\/v2\/pages\/459"}],"collection":[{"href":"https:\/\/www.og-bruchertseifen.de\/index.php?rest_route=\/wp\/v2\/pages"}],"about":[{"href":"https:\/\/www.og-bruchertseifen.de\/index.php?rest_route=\/wp\/v2\/types\/page"}],"author":[{"embeddable":true,"href":"https:\/\/www.og-bruchertseifen.de\/index.php?rest_route=\/wp\/v2\/users\/3"}],"replies":[{"embeddable":true,"href":"https:\/\/www.og-bruchertseifen.de\/index.php?rest_route=%2Fwp%2Fv2%2Fcomments&post=459"}],"version-history":[{"count":1,"href":"https:\/\/www.og-bruchertseifen.de\/index.php?rest_route=\/wp\/v2\/pages\/459\/revisions"}],"predecessor-version":[{"id":460,"href":"https:\/\/www.og-bruchertseifen.de\/index.php?rest_route=\/wp\/v2\/pages\/459\/revisions\/460"}],"wp:attachment":[{"href":"https:\/\/www.og-bruchertseifen.de\/index.php?rest_route=%2Fwp%2Fv2%2Fmedia&parent=459"}],"curies":[{"name":"wp","href":"https:\/\/api.w.org\/{rel}","templated":true}]}}