{"id":47,"date":"2016-10-10T18:33:20","date_gmt":"2016-10-10T16:33:20","guid":{"rendered":"http:\/\/localhost\/?page_id=47"},"modified":"2017-05-17T17:04:06","modified_gmt":"2017-05-17T15:04:06","slug":"geschichte","status":"publish","type":"page","link":"https:\/\/www.og-bruchertseifen.de\/?page_id=47","title":{"rendered":"Geschichte"},"content":{"rendered":"<p>Die Ortsgemeinde Bruchertseifen ist 4 km s\u00fcd\u00f6stlich von Hamm (Sieg), beiderseits der historischen Raiffeisenstra\u00dfe (B 256) im Westerwald am Rande der sogenannten Kroppacher Schweiz, einer besonders sch\u00f6nen Landschaft an der Nister rund um Kroppach gelegen.<br \/>\nZur Ortsgemeinde geh\u00f6ren die Ortsteile Bruchertseifen (275 \u00fc.NN), Langenbach im Nistertal (153 \u00fc.NN) und Hofacker\/Haderschen im Seelbachtal (220 \u00fc.NN). Im Osten bildet die Nister die Grenze zur Verbandsgemeinde Wissen\/Sieg. Im S\u00fcden grenzt die Ortsgemeinde an die Verbandsgemeinde Altenkirchen mit den Ortsgemeinden Helmeroth und Racksen, im Westen an Seelbach und im Norden an Roth.<\/p>\n<p>Von 1816 an geh\u00f6rt die Gemeinde Bruchertseifen zur Amtsb\u00fcrgermeisterei \/ Amt \/ Verbandsgemeinde Hamm (Sieg). Die heutige Ortsgemeinde Bruchertseifen besteht aus den Ortsteilen Bruchertseifen, Langenbach, Neuschlade, Hofacker und Haderschen.<\/p>\n<p>Bruchertseifen ist vermutlich aus einem Hof entstanden. Erstmals erw\u00e4hnt wurde dieser Hof wohl im 16 oder 17. Jahrhundert. Aus diesem Hof stammt vermutlich der hier verbreitete Familiennamen &#8222;Brucherseifer&#8220; bzw. &#8222;Bruchertseifer&#8220;. Um 1800 bestand der Ort aus 7 H\u00e4usern, die von einer Mauer umgeben waren. 1831 waren es 9, 1879 16 und 1900 21 Hausstandorte. Oberhalb der Siedlung f\u00fchrte der Fahrweg von Hamm nach Hachenburg vorbei. In den Jahren 1842 &#8211; 1844 wurde die Olpe-Koblenzer-Stra\u00dfe &#8211; die heutige B 256 &#8211; gebaut.<\/p>\n<p>In Langenbach im Nistertal gab es um 1600 nur einen Hof. Die Nister war hier \u00fcber Jahrhunderte Grenzfluss. Der Ort selbst wurde durch eine Landesgrenze in Sayn-Altenkirchen und Sayn-Hachenburg geteilt. Noch heute trennt diese Grenze die Kirchspiele Hamm (Sieg) und Hilgenroth. Der ehemalige &#8222;Altenkirchener&#8220;- Teil wurde 1974 von Helmeroth nach Bruchertseifen eingemeindet.<\/p>\n<p>Hofacker war fr\u00fcher ein Ort in Sayn-Altenkirchen und geh\u00f6rte zur Gemeinde Racksen im &#8222;Amt&#8220; Altenkirchen. Durch eine Umgemeindung kam Hofacker 1955 zur Ortsgemeinde Bruchertseifen.<\/p>\n<p>Haderschen ist von den Ortsteilen die \u00e4lteste Siedlung und wird bereits im 15. Jahrhundert erw\u00e4hnt. Um 1600 standen hier bereits 7 H\u00e4user. Haderschen geh\u00f6rte zu Sayn-Hachenburg und war von Hofacker durch eine Landesgrenze getrennt. Noch heute trennt die beiden Ortsteile eine &#8222;Sprachgrenze&#8220; und sie geh\u00f6ren verschiedenen Kichengemeinden an.<br \/>\nFr\u00fcher war die Gemeinde stark von der Landwirtschaft gepr\u00e4gt. So hatte einst fast jedes Haus in der Landwirtschaft zumindest einen Nebenerwerb. Heute gibt es lediglich noch einen Haupterwerbslandwirt, einen Nebenerwerbslandwirt sowie 2 Nebenerwerbssch\u00e4fereien.<br \/>\nEin weiteres Standbein der Leute war der Eisenerzbergbau. Seit dem 17. Jahrhundert hat man in Bruchertseifen nach Eisenerz gesucht. Nur ein einziges Grubenfeld erwies sich als lohnend genug, um ein Bergwerk entstehen zu lassen, die Grube &#8222;G\u00fcte Gottes&#8220;- genannt &#8222;Eselsberg&#8220;. Das Erz war besonders reich an Silbergehalt. Den h\u00f6chsten F\u00f6rderstand hatte die Grube 1881 &#8211; 1885. 1902 wurde der Betrieb wegen Unrentabilit\u00e4t eingestellt.<\/p>\n<p>Aus den fr\u00fchen Anf\u00e4ngen der Erzsuche stammt<\/p>\n<p>&#8222;Die Sage vom Eselsberg bei Bruchertseifen&#8220;<\/p>\n<p>Dort war die Grube &#8222;G\u00fcte Gottes&#8220;. Einst hie\u00df sie &#8222;Eselsberg&#8220; und gab so gewaltige Mengen silbernen Erzes aus, dass die Bergleute schier reicher waren als der erlauchte Herr Graf und stolzer als die ritterlichen Herren von Seelbach und Windeck! Und darum verga\u00dfen sie die G\u00fcte Gottes! Einen prunkvollen Saal erbauten sie sich in Bergesdunkel, darin zechten und w\u00fcrfelten sie nach Herzenslust. Gott gab ihnen mancherlei Zeichen der Warnung. Vergebens! Da schwang sich einmal ein V\u00f6glein hernieder, das zwitscherte so \u00fcberlaut, dass es wie ein Sturmwind durch den Saal erbrauste:<\/p>\n<p>&#8222;Seit die Leute dem Geld nachlaufen,<br \/>\nl\u00e4sst kein Vater sein Kind mehr taufen,<br \/>\nkein Hirte bleibt bei seiner Kuh&#8230;<br \/>\nEselsberg, falle zu!&#8220;<\/p>\n<p>Ehe sich die entsetzten Bergleute versahen, scholl ein furchtbares Erdbeben herauf und zog Sch\u00e4tze, Menschen und all ihren Tand in die Tiefe. Der saynische Graf lie\u00df hundert Jahre sp\u00e4ter an der Stelle wieder eine Grube errichten und gab ihr, eingedenk dessen, dass alle Gabe von Gott kommt und Gottes G\u00fcte r\u00fchmen soll, den Namen &#8222;Die G\u00fcte Gottes&#8220;.<br \/>\nNach dem Ende der Grube \u201eG\u00fcte Gottes\u201c fanden auch viele in der H\u00fcttenindustrie Arbeit und Brot. Der Bergbau war in der Region einmal der Wirtschaftsmotor. Im nahegelegen Wissen befand sich die H\u00fcttenindustrie und in der Umgebung zahllose Gruben. Durch die Gemarkung Bruchertseifen lief einstmals sogar eine Seilbahn von Eichelhardt kommend nach Wissen\/Sieg, um das Erz von der dortigen Grube Petersbach nach Wissen zur H\u00fctte zu schaffen. Das ein oder andere Fundament ist immer noch zu finden.<\/p>\n","protected":false},"excerpt":{"rendered":"<p>Die Ortsgemeinde Bruchertseifen ist 4 km s\u00fcd\u00f6stlich von Hamm (Sieg), beiderseits der historischen Raiffeisenstra\u00dfe (B 256) im Westerwald am Rande der sogenannten Kroppacher Schweiz, einer besonders sch\u00f6nen Landschaft an der Nister rund um Kroppach gelegen. Zur Ortsgemeinde geh\u00f6ren die Ortsteile Bruchertseifen (275 \u00fc.NN), Langenbach im Nistertal (153 \u00fc.NN) und Hofacker\/Haderschen [&hellip;]<\/p>\n","protected":false},"author":1,"featured_media":0,"parent":42,"menu_order":5,"comment_status":"closed","ping_status":"closed","template":"","meta":[],"yoast_head":"<!-- This site is optimized with the Yoast SEO plugin v16.4 - https:\/\/yoast.com\/wordpress\/plugins\/seo\/ -->\n<title>Geschichte &ndash; Ortsgemeinde Bruchertseifen<\/title>\n<meta name=\"robots\" content=\"index, follow, max-snippet:-1, max-image-preview:large, max-video-preview:-1\" \/>\n<link rel=\"canonical\" href=\"https:\/\/www.og-bruchertseifen.de\/?page_id=47\" \/>\n<meta property=\"og:locale\" content=\"de_DE\" \/>\n<meta property=\"og:type\" content=\"article\" \/>\n<meta property=\"og:title\" content=\"Geschichte &ndash; Ortsgemeinde Bruchertseifen\" \/>\n<meta property=\"og:description\" content=\"Die Ortsgemeinde Bruchertseifen ist 4 km s\u00fcd\u00f6stlich von Hamm (Sieg), beiderseits der historischen Raiffeisenstra\u00dfe (B 256) im Westerwald am Rande der sogenannten Kroppacher Schweiz, einer besonders sch\u00f6nen Landschaft an der Nister rund um Kroppach gelegen. Zur Ortsgemeinde geh\u00f6ren die Ortsteile Bruchertseifen (275 \u00fc.NN), Langenbach im Nistertal (153 \u00fc.NN) und Hofacker\/Haderschen [&hellip;]\" \/>\n<meta property=\"og:url\" content=\"https:\/\/www.og-bruchertseifen.de\/?page_id=47\" \/>\n<meta property=\"og:site_name\" content=\"Ortsgemeinde Bruchertseifen\" \/>\n<meta property=\"article:modified_time\" content=\"2017-05-17T15:04:06+00:00\" \/>\n<meta name=\"twitter:card\" content=\"summary_large_image\" \/>\n<meta name=\"twitter:label1\" content=\"Gesch\u00e4tzte Lesezeit\" \/>\n\t<meta name=\"twitter:data1\" content=\"3 Minuten\" \/>\n<script type=\"application\/ld+json\" class=\"yoast-schema-graph\">{\"@context\":\"https:\/\/schema.org\",\"@graph\":[{\"@type\":\"Organization\",\"@id\":\"https:\/\/www.og-bruchertseifen.de\/#organization\",\"name\":\"Ortsgemeinde Bruchertsifen\",\"url\":\"https:\/\/www.og-bruchertseifen.de\/\",\"sameAs\":[\"https:\/\/de.wikipedia.org\/wiki\/Bruchertseifen\"],\"logo\":{\"@type\":\"ImageObject\",\"@id\":\"https:\/\/www.og-bruchertseifen.de\/#logo\",\"inLanguage\":\"de-DE\",\"url\":\"https:\/\/www.og-bruchertseifen.de\/wp-content\/uploads\/2016\/10\/cropped-wappen_bruchertseifen-1.jpg\",\"contentUrl\":\"https:\/\/www.og-bruchertseifen.de\/wp-content\/uploads\/2016\/10\/cropped-wappen_bruchertseifen-1.jpg\",\"width\":400,\"height\":471,\"caption\":\"Ortsgemeinde Bruchertsifen\"},\"image\":{\"@id\":\"https:\/\/www.og-bruchertseifen.de\/#logo\"}},{\"@type\":\"WebSite\",\"@id\":\"https:\/\/www.og-bruchertseifen.de\/#website\",\"url\":\"https:\/\/www.og-bruchertseifen.de\/\",\"name\":\"Ortsgemeinde Bruchertseifen\",\"description\":\"Kreis Altenkirchen\",\"publisher\":{\"@id\":\"https:\/\/www.og-bruchertseifen.de\/#organization\"},\"potentialAction\":[{\"@type\":\"SearchAction\",\"target\":\"https:\/\/www.og-bruchertseifen.de\/?s={search_term_string}\",\"query-input\":\"required name=search_term_string\"}],\"inLanguage\":\"de-DE\"},{\"@type\":\"WebPage\",\"@id\":\"https:\/\/www.og-bruchertseifen.de\/?page_id=47#webpage\",\"url\":\"https:\/\/www.og-bruchertseifen.de\/?page_id=47\",\"name\":\"Geschichte &ndash; Ortsgemeinde Bruchertseifen\",\"isPartOf\":{\"@id\":\"https:\/\/www.og-bruchertseifen.de\/#website\"},\"datePublished\":\"2016-10-10T16:33:20+00:00\",\"dateModified\":\"2017-05-17T15:04:06+00:00\",\"breadcrumb\":{\"@id\":\"https:\/\/www.og-bruchertseifen.de\/?page_id=47#breadcrumb\"},\"inLanguage\":\"de-DE\",\"potentialAction\":[{\"@type\":\"ReadAction\",\"target\":[\"https:\/\/www.og-bruchertseifen.de\/?page_id=47\"]}]},{\"@type\":\"BreadcrumbList\",\"@id\":\"https:\/\/www.og-bruchertseifen.de\/?page_id=47#breadcrumb\",\"itemListElement\":[{\"@type\":\"ListItem\",\"position\":1,\"item\":{\"@type\":\"WebPage\",\"@id\":\"https:\/\/www.og-bruchertseifen.de\/\",\"url\":\"https:\/\/www.og-bruchertseifen.de\/\",\"name\":\"Startseite\"}},{\"@type\":\"ListItem\",\"position\":2,\"item\":{\"@type\":\"WebPage\",\"@id\":\"https:\/\/www.og-bruchertseifen.de\/?page_id=42\",\"url\":\"https:\/\/www.og-bruchertseifen.de\/?page_id=42\",\"name\":\"Home\"}},{\"@type\":\"ListItem\",\"position\":3,\"item\":{\"@id\":\"https:\/\/www.og-bruchertseifen.de\/?page_id=47#webpage\"}}]}]}<\/script>\n<!-- \/ Yoast SEO plugin. -->","_links":{"self":[{"href":"https:\/\/www.og-bruchertseifen.de\/index.php?rest_route=\/wp\/v2\/pages\/47"}],"collection":[{"href":"https:\/\/www.og-bruchertseifen.de\/index.php?rest_route=\/wp\/v2\/pages"}],"about":[{"href":"https:\/\/www.og-bruchertseifen.de\/index.php?rest_route=\/wp\/v2\/types\/page"}],"author":[{"embeddable":true,"href":"https:\/\/www.og-bruchertseifen.de\/index.php?rest_route=\/wp\/v2\/users\/1"}],"replies":[{"embeddable":true,"href":"https:\/\/www.og-bruchertseifen.de\/index.php?rest_route=%2Fwp%2Fv2%2Fcomments&post=47"}],"version-history":[{"count":0,"href":"https:\/\/www.og-bruchertseifen.de\/index.php?rest_route=\/wp\/v2\/pages\/47\/revisions"}],"up":[{"embeddable":true,"href":"https:\/\/www.og-bruchertseifen.de\/index.php?rest_route=\/wp\/v2\/pages\/42"}],"wp:attachment":[{"href":"https:\/\/www.og-bruchertseifen.de\/index.php?rest_route=%2Fwp%2Fv2%2Fmedia&parent=47"}],"curies":[{"name":"wp","href":"https:\/\/api.w.org\/{rel}","templated":true}]}}