{"id":56,"date":"2016-10-10T18:48:16","date_gmt":"2016-10-10T16:48:16","guid":{"rendered":"http:\/\/localhost\/?page_id=56"},"modified":"2020-11-26T10:41:23","modified_gmt":"2020-11-26T09:41:23","slug":"impressum","status":"publish","type":"page","link":"https:\/\/www.og-bruchertseifen.de\/?page_id=56","title":{"rendered":"Impressum"},"content":{"rendered":"<p><strong>Angaben laut Teledienstgesetz:<\/strong><\/p>\n<p><strong>Diensteanbieter<\/strong><\/p>\n<p>Ortsgemeinde Bruchertseifen<br \/>\nOrtsb\u00fcrgermeister Axel Mast<br \/>\nWaldweg 3<br \/>\n57539 Bruchertseifen<br \/>\nTelefon: 0170 \/ 6324353<br \/>\nEmail: axel.mast [at] og-bruchertseifen.de<\/p>\n<p><a href=\"http:\/\/www.og-bruchertseifen.de\/\">www.og-bruchertseifen.de<\/a><br \/>\nElektronische Kontaktadresse (eMail): axel.mast [at] og-bruchertseifen.de<\/p>\n<p><strong>Webdesign &amp; Technik<\/strong><\/p>\n<p>Sebastian Schmalzbauer<br \/>\nH\u00fcmerichsweg 1<br \/>\n57539 Bruchertseifen<br \/>\nTelefon: 02682 \/ 3437<br \/>\nEmail: sebastian.schmalzbauer [at] og-bruchertseifen.de<\/p>\n<p><strong>Rechtliche Informationen<\/strong><\/p>\n<p>Die Ortsgemeinde Bruchertseifen bem\u00fcht sich, auf dieser Website richtige und vollst\u00e4ndige Informationen zur Verf\u00fcgung zu stellen. Sie \u00fcbernimmt jedoch keine Haftung oder Garantie f\u00fcr die Aktualit\u00e4t, Richtigkeit und Vollst\u00e4ndigkeit der bereitgestellten Informationen. Die Ortsgemeinde Bruchertseifen haftet nicht f\u00fcr direkte oder indirekte Sch\u00e4den, einschlie\u00dflich entgangenen Gewinns, die aufgrund von oder in Verbindung mit Informationen entstehen, die auf dieser Website bereitgehalten werden. Die Ortsgemeinde Bruchertseifen beh\u00e4lt sich das Recht vor, ohne vorherige Ank\u00fcndigung \u00c4nderungen oder Erg\u00e4nzungen der bereitgestellten Informationen vorzunehmen.<\/p>\n<p><strong>Links<\/strong><\/p>\n<p>Die Ortsgemeinde Bruchertseifen \u00fcbernimmt keine Haftung oder Garantie, f\u00fcr den Inhalt von Internetseiten, auf die unsere Website direkt oder indirekt verweist. Besucher folgen Verbindungen zu anderen Websites und Homepages auf eigene Gefahr und benutzen sie gem\u00e4\u00df den jeweils geltenden Nutzungsbedingungen der entsprechenden Websites.<\/p>\n<p><strong>Urheberrechte<\/strong><\/p>\n<p>Der Inhalt dieser Website ist urheberrechtlich gesch\u00fctzt. Aus Gr\u00fcnden des Urheberrechts ist die Speicherung und Vervielf\u00e4ltigung von Bildmaterial, Grafiken oder Texte aus dieser Website nicht gestattet.<\/p>\n","protected":false},"excerpt":{"rendered":"<p>Angaben laut Teledienstgesetz: Diensteanbieter Ortsgemeinde Bruchertseifen Ortsb\u00fcrgermeister Axel Mast Waldweg 3 57539 Bruchertseifen Telefon: 0170 \/ 6324353 Email: axel.mast [at] og-bruchertseifen.de www.og-bruchertseifen.de Elektronische Kontaktadresse (eMail): axel.mast [at] og-bruchertseifen.de Webdesign &amp; Technik Sebastian Schmalzbauer H\u00fcmerichsweg 1 57539 Bruchertseifen Telefon: 02682 \/ 3437 Email: sebastian.schmalzbauer [at] og-bruchertseifen.de Rechtliche Informationen Die Ortsgemeinde Bruchertseifen [&hellip;]<\/p>\n","protected":false},"author":1,"featured_media":0,"parent":42,"menu_order":8,"comment_status":"closed","ping_status":"closed","template":"","meta":[],"yoast_head":"<!-- This site is optimized with the Yoast SEO plugin v16.4 - https:\/\/yoast.com\/wordpress\/plugins\/seo\/ -->\n<title>Impressum &ndash; Ortsgemeinde Bruchertseifen<\/title>\n<meta name=\"robots\" content=\"index, follow, max-snippet:-1, max-image-preview:large, max-video-preview:-1\" \/>\n<link rel=\"canonical\" href=\"https:\/\/www.og-bruchertseifen.de\/?page_id=56\" \/>\n<meta property=\"og:locale\" content=\"de_DE\" \/>\n<meta property=\"og:type\" content=\"article\" \/>\n<meta property=\"og:title\" content=\"Impressum &ndash; Ortsgemeinde Bruchertseifen\" \/>\n<meta property=\"og:description\" content=\"Angaben laut Teledienstgesetz: Diensteanbieter Ortsgemeinde Bruchertseifen Ortsb\u00fcrgermeister Axel Mast Waldweg 3 57539 Bruchertseifen Telefon: 0170 \/ 6324353 Email: axel.mast [at] og-bruchertseifen.de www.og-bruchertseifen.de Elektronische Kontaktadresse (eMail): axel.mast [at] og-bruchertseifen.de Webdesign &amp; Technik Sebastian Schmalzbauer H\u00fcmerichsweg 1 57539 Bruchertseifen Telefon: 02682 \/ 3437 Email: sebastian.schmalzbauer [at] og-bruchertseifen.de Rechtliche Informationen Die Ortsgemeinde Bruchertseifen [&hellip;]\" \/>\n<meta property=\"og:url\" content=\"https:\/\/www.og-bruchertseifen.de\/?page_id=56\" \/>\n<meta property=\"og:site_name\" content=\"Ortsgemeinde Bruchertseifen\" \/>\n<meta property=\"article:modified_time\" content=\"2020-11-26T09:41:23+00:00\" \/>\n<meta name=\"twitter:card\" content=\"summary_large_image\" \/>\n<meta name=\"twitter:label1\" content=\"Gesch\u00e4tzte Lesezeit\" \/>\n\t<meta name=\"twitter:data1\" content=\"1 Minute\" \/>\n<script type=\"application\/ld+json\" class=\"yoast-schema-graph\">{\"@context\":\"https:\/\/schema.org\",\"@graph\":[{\"@type\":\"Organization\",\"@id\":\"https:\/\/www.og-bruchertseifen.de\/#organization\",\"name\":\"Ortsgemeinde Bruchertsifen\",\"url\":\"https:\/\/www.og-bruchertseifen.de\/\",\"sameAs\":[\"https:\/\/de.wikipedia.org\/wiki\/Bruchertseifen\"],\"logo\":{\"@type\":\"ImageObject\",\"@id\":\"https:\/\/www.og-bruchertseifen.de\/#logo\",\"inLanguage\":\"de-DE\",\"url\":\"https:\/\/www.og-bruchertseifen.de\/wp-content\/uploads\/2016\/10\/cropped-wappen_bruchertseifen-1.jpg\",\"contentUrl\":\"https:\/\/www.og-bruchertseifen.de\/wp-content\/uploads\/2016\/10\/cropped-wappen_bruchertseifen-1.jpg\",\"width\":400,\"height\":471,\"caption\":\"Ortsgemeinde Bruchertsifen\"},\"image\":{\"@id\":\"https:\/\/www.og-bruchertseifen.de\/#logo\"}},{\"@type\":\"WebSite\",\"@id\":\"https:\/\/www.og-bruchertseifen.de\/#website\",\"url\":\"https:\/\/www.og-bruchertseifen.de\/\",\"name\":\"Ortsgemeinde Bruchertseifen\",\"description\":\"Kreis Altenkirchen\",\"publisher\":{\"@id\":\"https:\/\/www.og-bruchertseifen.de\/#organization\"},\"potentialAction\":[{\"@type\":\"SearchAction\",\"target\":\"https:\/\/www.og-bruchertseifen.de\/?s={search_term_string}\",\"query-input\":\"required name=search_term_string\"}],\"inLanguage\":\"de-DE\"},{\"@type\":\"WebPage\",\"@id\":\"https:\/\/www.og-bruchertseifen.de\/?page_id=56#webpage\",\"url\":\"https:\/\/www.og-bruchertseifen.de\/?page_id=56\",\"name\":\"Impressum &ndash; Ortsgemeinde Bruchertseifen\",\"isPartOf\":{\"@id\":\"https:\/\/www.og-bruchertseifen.de\/#website\"},\"datePublished\":\"2016-10-10T16:48:16+00:00\",\"dateModified\":\"2020-11-26T09:41:23+00:00\",\"breadcrumb\":{\"@id\":\"https:\/\/www.og-bruchertseifen.de\/?page_id=56#breadcrumb\"},\"inLanguage\":\"de-DE\",\"potentialAction\":[{\"@type\":\"ReadAction\",\"target\":[\"https:\/\/www.og-bruchertseifen.de\/?page_id=56\"]}]},{\"@type\":\"BreadcrumbList\",\"@id\":\"https:\/\/www.og-bruchertseifen.de\/?page_id=56#breadcrumb\",\"itemListElement\":[{\"@type\":\"ListItem\",\"position\":1,\"item\":{\"@type\":\"WebPage\",\"@id\":\"https:\/\/www.og-bruchertseifen.de\/\",\"url\":\"https:\/\/www.og-bruchertseifen.de\/\",\"name\":\"Startseite\"}},{\"@type\":\"ListItem\",\"position\":2,\"item\":{\"@type\":\"WebPage\",\"@id\":\"https:\/\/www.og-bruchertseifen.de\/?page_id=42\",\"url\":\"https:\/\/www.og-bruchertseifen.de\/?page_id=42\",\"name\":\"Home\"}},{\"@type\":\"ListItem\",\"position\":3,\"item\":{\"@id\":\"https:\/\/www.og-bruchertseifen.de\/?page_id=56#webpage\"}}]}]}<\/script>\n<!-- \/ Yoast SEO plugin. -->","_links":{"self":[{"href":"https:\/\/www.og-bruchertseifen.de\/index.php?rest_route=\/wp\/v2\/pages\/56"}],"collection":[{"href":"https:\/\/www.og-bruchertseifen.de\/index.php?rest_route=\/wp\/v2\/pages"}],"about":[{"href":"https:\/\/www.og-bruchertseifen.de\/index.php?rest_route=\/wp\/v2\/types\/page"}],"author":[{"embeddable":true,"href":"https:\/\/www.og-bruchertseifen.de\/index.php?rest_route=\/wp\/v2\/users\/1"}],"replies":[{"embeddable":true,"href":"https:\/\/www.og-bruchertseifen.de\/index.php?rest_route=%2Fwp%2Fv2%2Fcomments&post=56"}],"version-history":[{"count":1,"href":"https:\/\/www.og-bruchertseifen.de\/index.php?rest_route=\/wp\/v2\/pages\/56\/revisions"}],"predecessor-version":[{"id":286,"href":"https:\/\/www.og-bruchertseifen.de\/index.php?rest_route=\/wp\/v2\/pages\/56\/revisions\/286"}],"up":[{"embeddable":true,"href":"https:\/\/www.og-bruchertseifen.de\/index.php?rest_route=\/wp\/v2\/pages\/42"}],"wp:attachment":[{"href":"https:\/\/www.og-bruchertseifen.de\/index.php?rest_route=%2Fwp%2Fv2%2Fmedia&parent=56"}],"curies":[{"name":"wp","href":"https:\/\/api.w.org\/{rel}","templated":true}]}}